{"id":18744,"date":"2025-09-25T12:39:24","date_gmt":"2025-09-25T17:39:24","guid":{"rendered":"https:\/\/tumaco-pacifico.unal.edu.co\/?page_id=18744"},"modified":"2026-02-11T11:15:03","modified_gmt":"2026-02-11T16:15:03","slug":"proyecto-academico","status":"publish","type":"page","link":"https:\/\/tumaco-pacifico.unal.edu.co\/?page_id=18744","title":{"rendered":"Proyecto Acad\u00e9mico"},"content":{"rendered":"\t\t<div data-elementor-type=\"wp-page\" data-elementor-id=\"18744\" class=\"elementor elementor-18744\">\n\t\t\t\t<div class=\"elementor-element elementor-element-ebe3941 e-flex e-con-boxed e-con e-parent\" data-id=\"ebe3941\" data-element_type=\"container\" data-e-type=\"container\">\n\t\t\t\t\t<div class=\"e-con-inner\">\n\t\t\t\t<div class=\"elementor-element elementor-element-610eee9 elementor-widget elementor-widget-html\" data-id=\"610eee9\" data-element_type=\"widget\" data-e-type=\"widget\" data-widget_type=\"html.default\">\n\t\t\t\t<div class=\"elementor-widget-container\">\n\t\t\t\t\t<p>Est\u00e1 en:\u00a0<a title=\"Inicio\" href=\"https:\/\/tumaco-pacifico.unal.edu.co\/\">Inicio<\/a> \u00a0 \/  \u00a0<a title=\"Proyecto Acad\u00e9mico\" href=\"https:\/\/tumaco-pacifico.unal.edu.co\/?page_id=18744\"><b>Proyecto Acad\u00e9mico<\/b><\/a><\/p>\t\t\t\t<\/div>\n\t\t\t\t<\/div>\n\t\t\t\t\t<\/div>\n\t\t\t\t<\/div>\n\t\t<div class=\"elementor-element elementor-element-9b38e5f e-flex e-con-boxed e-con e-parent\" data-id=\"9b38e5f\" data-element_type=\"container\" data-e-type=\"container\">\n\t\t\t\t\t<div class=\"e-con-inner\">\n\t\t\t\t<div class=\"elementor-element elementor-element-b1119c5 elementor-widget elementor-widget-heading\" data-id=\"b1119c5\" data-element_type=\"widget\" data-e-type=\"widget\" data-widget_type=\"heading.default\">\n\t\t\t\t<div class=\"elementor-widget-container\">\n\t\t\t\t\t<h1 class=\"elementor-heading-title elementor-size-default\"><font color=\"#94b43b\" face=\"Ancizar serif, serif\"><span style=\"font-size: 40px;font-weight: 400\">Formaci\u00f3n Integral\n<\/span><\/font><\/h1>\t\t\t\t<\/div>\n\t\t\t\t<\/div>\n\t\t\t\t\t<\/div>\n\t\t\t\t<\/div>\n\t\t<div class=\"elementor-element elementor-element-8afa52f e-flex e-con-boxed e-con e-parent\" data-id=\"8afa52f\" data-element_type=\"container\" data-e-type=\"container\">\n\t\t\t\t\t<div class=\"e-con-inner\">\n\t\t\t\t<div class=\"elementor-element elementor-element-048df19 elementor-widget elementor-widget-text-editor\" data-id=\"048df19\" data-element_type=\"widget\" data-e-type=\"widget\" data-widget_type=\"text-editor.default\">\n\t\t\t\t<div class=\"elementor-widget-container\">\n\t\t\t\t\t\t\t\t\t<p class=\"MsoNormal\" style=\"margin: 0cm 0cm 0.0001pt; text-align: justify; font-size: 12pt; font-family: 'Times New Roman', serif; color: #000000;\"><span style=\"font-size: 12pt; font-family: 'Ancizar Sans', sans-serif; color: #5a5a5a;\">La Universidad Nacional de Colombia, como universidad p\u00fablica, ha adquirido el compromiso de formar personas capaces de formular propuestas y liderar procesos acad\u00e9micos que contribuyan a la construcci\u00f3n de una naci\u00f3n democr\u00e1tica e incluyente en la que el conocimiento sea pilar fundamental de la convivencia y la equidad social. La formaci\u00f3n universitaria promover\u00e1 el respeto a los derechos individuales y colectivos, a las diferencias de creencia, de pensamiento, de g\u00e9nero y cultura.<br \/><\/span><\/p><p class=\"MsoNormal\" style=\"margin: 0cm 0cm 0.0001pt; font-size: 12pt; font-family: 'Times New Roman', serif; color: #000000;\"><span style=\"font-size: 12pt; font-family: 'Ancizar Sans', sans-serif;\">\u00a0<\/span><\/p><p class=\"MsoNormal\" style=\"margin: 0cm 0cm 0.0001pt; text-align: justify; font-size: 12pt; font-family: 'Times New Roman', serif; color: #000000;\"><span style=\"font-size: 12pt; font-family: 'Ancizar Sans', sans-serif; color: #5a5a5a;\">La Universidad formar\u00e1 una comunidad acad\u00e9mica con dominio de pensamiento sist\u00e9mico que se expresa en lenguajes universales con una alta capacidad conceptual y experimental. Desarrollar\u00e1 en ella la sensibilidad est\u00e9tica y creativa, la responsabilidad \u00e9tica, human\u00edstica, ambiental y social, y la capacidad de plantear, analizar y resolver problemas complejos, generando autonom\u00eda, an\u00e1lisis cr\u00edtico, capacidad propositiva y creatividad.<\/span><\/p><p>\u00a0<\/p><p class=\"MsoNormal\" style=\"margin: 0cm 0cm 0.0001pt; text-align: justify; font-size: 12pt; font-family: 'Times New Roman', serif; color: #000000;\"><span style=\"font-size: 12pt; font-family: 'Ancizar Sans', sans-serif; color: #5a5a5a;\"><b>Acuerdo 033 de 2007 del Consejo Superior Universitario CSU<\/b>. <\/span><\/p><p class=\"MsoNormal\" style=\"margin: 0cm 0cm 0.0001pt; font-size: 12pt; font-family: 'Times New Roman', serif; color: #000000;\">\u00a0<\/p>\t\t\t\t\t\t\t\t<\/div>\n\t\t\t\t<\/div>\n\t\t\t\t\t<\/div>\n\t\t\t\t<\/div>\n\t\t<div class=\"elementor-element elementor-element-fbfcd13 e-flex e-con-boxed e-con e-parent\" data-id=\"fbfcd13\" data-element_type=\"container\" data-e-type=\"container\">\n\t\t\t\t\t<div class=\"e-con-inner\">\n\t\t\t\t<div class=\"elementor-element elementor-element-cf6089a elementor-widget elementor-widget-image\" data-id=\"cf6089a\" data-element_type=\"widget\" data-e-type=\"widget\" data-widget_type=\"image.default\">\n\t\t\t\t<div class=\"elementor-widget-container\">\n\t\t\t\t\t\t\t\t\t\t\t\t\t\t\t\t<a href=\"https:\/\/tumaco-pacifico.unal.edu.co\/?page_id=18749\" target=\"_blank\">\n\t\t\t\t\t\t\t<img fetchpriority=\"high\" decoding=\"async\" width=\"2360\" height=\"627\" src=\"https:\/\/tumaco-pacifico.unal.edu.co\/wp-content\/uploads\/2025\/09\/Proyectos-de-aula.png\" class=\"attachment-full size-full wp-image-18748\" alt=\"\" srcset=\"https:\/\/tumaco-pacifico.unal.edu.co\/wp-content\/uploads\/2025\/09\/Proyectos-de-aula.png 2360w, https:\/\/tumaco-pacifico.unal.edu.co\/wp-content\/uploads\/2025\/09\/Proyectos-de-aula-300x80.png 300w, https:\/\/tumaco-pacifico.unal.edu.co\/wp-content\/uploads\/2025\/09\/Proyectos-de-aula-1024x272.png 1024w, https:\/\/tumaco-pacifico.unal.edu.co\/wp-content\/uploads\/2025\/09\/Proyectos-de-aula-768x204.png 768w, https:\/\/tumaco-pacifico.unal.edu.co\/wp-content\/uploads\/2025\/09\/Proyectos-de-aula-1536x408.png 1536w, https:\/\/tumaco-pacifico.unal.edu.co\/wp-content\/uploads\/2025\/09\/Proyectos-de-aula-2048x544.png 2048w\" sizes=\"(max-width: 2360px) 100vw, 2360px\" \/>\t\t\t\t\t\t\t\t<\/a>\n\t\t\t\t\t\t\t\t\t\t\t\t\t\t\t<\/div>\n\t\t\t\t<\/div>\n\t\t\t\t<div class=\"elementor-element elementor-element-9c8de15 elementor-widget elementor-widget-image\" data-id=\"9c8de15\" data-element_type=\"widget\" data-e-type=\"widget\" data-widget_type=\"image.default\">\n\t\t\t\t<div class=\"elementor-widget-container\">\n\t\t\t\t\t\t\t\t\t\t\t\t\t\t\t\t<a href=\"https:\/\/tumaco-pacifico.unal.edu.co\/?page_id=18751\">\n\t\t\t\t\t\t\t<img decoding=\"async\" width=\"2360\" height=\"627\" src=\"https:\/\/tumaco-pacifico.unal.edu.co\/wp-content\/uploads\/2025\/09\/Exp-pedagogicas.png\" class=\"attachment-full size-full wp-image-18747\" alt=\"\" srcset=\"https:\/\/tumaco-pacifico.unal.edu.co\/wp-content\/uploads\/2025\/09\/Exp-pedagogicas.png 2360w, https:\/\/tumaco-pacifico.unal.edu.co\/wp-content\/uploads\/2025\/09\/Exp-pedagogicas-300x80.png 300w, https:\/\/tumaco-pacifico.unal.edu.co\/wp-content\/uploads\/2025\/09\/Exp-pedagogicas-1024x272.png 1024w, https:\/\/tumaco-pacifico.unal.edu.co\/wp-content\/uploads\/2025\/09\/Exp-pedagogicas-768x204.png 768w, https:\/\/tumaco-pacifico.unal.edu.co\/wp-content\/uploads\/2025\/09\/Exp-pedagogicas-1536x408.png 1536w, https:\/\/tumaco-pacifico.unal.edu.co\/wp-content\/uploads\/2025\/09\/Exp-pedagogicas-2048x544.png 2048w\" sizes=\"(max-width: 2360px) 100vw, 2360px\" \/>\t\t\t\t\t\t\t\t<\/a>\n\t\t\t\t\t\t\t\t\t\t\t\t\t\t\t<\/div>\n\t\t\t\t<\/div>\n\t\t\t\t<div class=\"elementor-element elementor-element-fb58886 elementor-widget elementor-widget-image\" data-id=\"fb58886\" data-element_type=\"widget\" data-e-type=\"widget\" data-widget_type=\"image.default\">\n\t\t\t\t<div class=\"elementor-widget-container\">\n\t\t\t\t\t\t\t\t\t\t\t\t\t\t\t\t<a href=\"https:\/\/tumaco-pacifico.unal.edu.co\/?page_id=33107\">\n\t\t\t\t\t\t\t<img decoding=\"async\" width=\"2361\" height=\"628\" src=\"https:\/\/tumaco-pacifico.unal.edu.co\/wp-content\/uploads\/2026\/02\/Catedra-banner.png\" class=\"attachment-full size-full wp-image-33113\" alt=\"\" srcset=\"https:\/\/tumaco-pacifico.unal.edu.co\/wp-content\/uploads\/2026\/02\/Catedra-banner.png 2361w, https:\/\/tumaco-pacifico.unal.edu.co\/wp-content\/uploads\/2026\/02\/Catedra-banner-300x80.png 300w, https:\/\/tumaco-pacifico.unal.edu.co\/wp-content\/uploads\/2026\/02\/Catedra-banner-1024x272.png 1024w, https:\/\/tumaco-pacifico.unal.edu.co\/wp-content\/uploads\/2026\/02\/Catedra-banner-768x204.png 768w, https:\/\/tumaco-pacifico.unal.edu.co\/wp-content\/uploads\/2026\/02\/Catedra-banner-1536x409.png 1536w, https:\/\/tumaco-pacifico.unal.edu.co\/wp-content\/uploads\/2026\/02\/Catedra-banner-2048x545.png 2048w\" sizes=\"(max-width: 2361px) 100vw, 2361px\" \/>\t\t\t\t\t\t\t\t<\/a>\n\t\t\t\t\t\t\t\t\t\t\t\t\t\t\t<\/div>\n\t\t\t\t<\/div>\n\t\t\t\t\t<\/div>\n\t\t\t\t<\/div>\n\t\t\t\t<\/div>\n\t\t","protected":false},"excerpt":{"rendered":"<p>Est\u00e1 en:\u00a0Inicio \u00a0 \/ \u00a0Proyecto Acad\u00e9mico Formaci\u00f3n Integral La Universidad Nacional de Colombia, como universidad p\u00fablica, ha adquirido el compromiso de formar personas capaces de formular propuestas y liderar procesos acad\u00e9micos que contribuyan a la construcci\u00f3n de una naci\u00f3n democr\u00e1tica e incluyente en la que el conocimiento sea pilar fundamental de la convivencia y la [&hellip;]<\/p>\n","protected":false},"author":4,"featured_media":0,"parent":0,"menu_order":0,"comment_status":"closed","ping_status":"closed","template":"","meta":{"footnotes":""},"class_list":["post-18744","page","type-page","status-publish","hentry"],"_links":{"self":[{"href":"https:\/\/tumaco-pacifico.unal.edu.co\/index.php?rest_route=\/wp\/v2\/pages\/18744","targetHints":{"allow":["GET"]}}],"collection":[{"href":"https:\/\/tumaco-pacifico.unal.edu.co\/index.php?rest_route=\/wp\/v2\/pages"}],"about":[{"href":"https:\/\/tumaco-pacifico.unal.edu.co\/index.php?rest_route=\/wp\/v2\/types\/page"}],"author":[{"embeddable":true,"href":"https:\/\/tumaco-pacifico.unal.edu.co\/index.php?rest_route=\/wp\/v2\/users\/4"}],"replies":[{"embeddable":true,"href":"https:\/\/tumaco-pacifico.unal.edu.co\/index.php?rest_route=%2Fwp%2Fv2%2Fcomments&post=18744"}],"version-history":[{"count":0,"href":"https:\/\/tumaco-pacifico.unal.edu.co\/index.php?rest_route=\/wp\/v2\/pages\/18744\/revisions"}],"wp:attachment":[{"href":"https:\/\/tumaco-pacifico.unal.edu.co\/index.php?rest_route=%2Fwp%2Fv2%2Fmedia&parent=18744"}],"curies":[{"name":"wp","href":"https:\/\/api.w.org\/{rel}","templated":true}]}}