{"id":23,"date":"2024-02-12T09:32:29","date_gmt":"2024-02-12T14:32:29","guid":{"rendered":"https:\/\/tumaco-pacifico.unal.edu.co\/?page_id=23"},"modified":"2024-12-13T14:40:16","modified_gmt":"2024-12-13T19:40:16","slug":"extension","status":"publish","type":"page","link":"https:\/\/tumaco-pacifico.unal.edu.co\/?page_id=23","title":{"rendered":"EXTENSI\u00d3N"},"content":{"rendered":"\t\t<div data-elementor-type=\"wp-page\" data-elementor-id=\"23\" class=\"elementor elementor-23\">\n\t\t\t\t<div class=\"elementor-element elementor-element-3caf74d e-flex e-con-boxed e-con e-parent\" data-id=\"3caf74d\" data-element_type=\"container\" data-e-type=\"container\">\n\t\t\t\t\t<div class=\"e-con-inner\">\n\t\t\t\t<div class=\"elementor-element elementor-element-39babf8 elementor-widget elementor-widget-html\" data-id=\"39babf8\" data-element_type=\"widget\" data-e-type=\"widget\" data-widget_type=\"html.default\">\n\t\t\t\t<div class=\"elementor-widget-container\">\n\t\t\t\t\t<p>Est\u00e1 en:\u00a0<a title=\"Inicio\" href=\"https:\/\/tumaco-pacifico.unal.edu.co\/\">Inicio<\/a> \u00a0 \/  \u00a0<a title=\"Extensi\u00f3n\" href=\"https:\/\/tumaco-pacifico.unal.edu.co\/?page_id=23\"><b>Extensi\u00f3n<\/b><\/a><\/p>\t\t\t\t<\/div>\n\t\t\t\t<\/div>\n\t\t\t\t\t<\/div>\n\t\t\t\t<\/div>\n\t\t<div class=\"elementor-element elementor-element-10eaae3 e-flex e-con-boxed e-con e-parent\" data-id=\"10eaae3\" data-element_type=\"container\" data-e-type=\"container\">\n\t\t\t\t\t<div class=\"e-con-inner\">\n\t\t\t\t<div class=\"elementor-element elementor-element-dbf6c5f elementor-widget elementor-widget-heading\" data-id=\"dbf6c5f\" data-element_type=\"widget\" data-e-type=\"widget\" data-widget_type=\"heading.default\">\n\t\t\t\t<div class=\"elementor-widget-container\">\n\t\t\t\t\t<h1 class=\"elementor-heading-title elementor-size-default\"><font color=\"#94b43b\" face=\"Ancizar serif, serif\"><span style=\"font-size: 40px;font-weight: 400\">Extensi\u00f3n<\/span><\/font><\/h1>\t\t\t\t<\/div>\n\t\t\t\t<\/div>\n\t\t\t\t\t<\/div>\n\t\t\t\t<\/div>\n\t\t<div class=\"elementor-element elementor-element-fa9fb0d e-flex e-con-boxed e-con e-parent\" data-id=\"fa9fb0d\" data-element_type=\"container\" data-e-type=\"container\">\n\t\t\t\t\t<div class=\"e-con-inner\">\n\t\t\t\t<div class=\"elementor-element elementor-element-c31c35f elementor-widget elementor-widget-text-editor\" data-id=\"c31c35f\" data-element_type=\"widget\" data-e-type=\"widget\" data-widget_type=\"text-editor.default\">\n\t\t\t\t<div class=\"elementor-widget-container\">\n\t\t\t\t\t\t\t\t\t<p class=\"MsoNormal\" style=\"margin: 0cm 0cm 0.0001pt; text-align: justify; font-size: 12pt; font-family: 'Times New Roman', serif; color: #000000;\"><span style=\"font-size: 12pt; font-family: 'Ancizar Sans', sans-serif; color: #5a5a5a;\">La Extensi\u00f3n en la Universidad Nacional de Colombia, se define como una funci\u00f3n misional, reglamentada por el <b>Consejo Superior Universitario desde el Acuerdo 036 de 2009,<\/b> que tiene como fin el intercambio, la aplicaci\u00f3n y la integraci\u00f3n, en forma din\u00e1mica y coordinada, del conocimiento cient\u00edfico, tecnol\u00f3gico, art\u00edstico y cultural que se produce en la Instituci\u00f3n, en interacci\u00f3n con el entorno econ\u00f3mico, pol\u00edtico, cultural y social del pa\u00eds, con el objetivo de mejorar el bienestar de las comunidades, y aumentar la productividad y la competitividad del aparato productivo.<\/span><\/p><p class=\"MsoNormal\" style=\"margin: 0cm 0cm 0.0001pt; font-size: 12pt; font-family: 'Times New Roman', serif; color: #000000;\"><span style=\"font-size: 12pt; font-family: 'Ancizar Sans', sans-serif;\">\u00a0<\/span><\/p><p class=\"MsoNormal\" style=\"margin: 0cm 0cm 0.0001pt; font-size: 12pt; font-family: 'Times New Roman', serif; color: #000000;\">\u00a0<\/p>\t\t\t\t\t\t\t\t<\/div>\n\t\t\t\t<\/div>\n\t\t\t\t\t<\/div>\n\t\t\t\t<\/div>\n\t\t<div class=\"elementor-element elementor-element-87421d5 e-flex e-con-boxed e-con e-parent\" data-id=\"87421d5\" data-element_type=\"container\" data-e-type=\"container\">\n\t\t\t\t\t<div class=\"e-con-inner\">\n\t\t\t\t<div class=\"elementor-element elementor-element-33413cb elementor-widget elementor-widget-heading\" data-id=\"33413cb\" data-element_type=\"widget\" data-e-type=\"widget\" data-widget_type=\"heading.default\">\n\t\t\t\t<div class=\"elementor-widget-container\">\n\t\t\t\t\t<h1 class=\"elementor-heading-title elementor-size-default\"><font color=\"#94b43b\" face=\"Ancizar serif, serif\"><span style=\"font-size: 40px;font-weight: 400\">Directorio Extensi\u00f3n<\/span><\/font><\/h1>\t\t\t\t<\/div>\n\t\t\t\t<\/div>\n\t\t\t\t<div class=\"elementor-element elementor-element-8ef68c7 elementor-widget elementor-widget-spacer\" data-id=\"8ef68c7\" data-element_type=\"widget\" data-e-type=\"widget\" data-widget_type=\"spacer.default\">\n\t\t\t\t<div class=\"elementor-widget-container\">\n\t\t\t\t\t\t\t<div class=\"elementor-spacer\">\n\t\t\t<div class=\"elementor-spacer-inner\"><\/div>\n\t\t<\/div>\n\t\t\t\t\t\t<\/div>\n\t\t\t\t<\/div>\n\t\t\t\t\t<\/div>\n\t\t\t\t<\/div>\n\t\t<div class=\"elementor-element elementor-element-eeeed9e e-flex e-con-boxed e-con e-parent\" data-id=\"eeeed9e\" data-element_type=\"container\" data-e-type=\"container\">\n\t\t\t\t\t<div class=\"e-con-inner\">\n\t\t\t\t<div class=\"elementor-element elementor-element-ee9baea elementor-widget elementor-widget-image\" data-id=\"ee9baea\" data-element_type=\"widget\" data-e-type=\"widget\" data-widget_type=\"image.default\">\n\t\t\t\t<div class=\"elementor-widget-container\">\n\t\t\t\t\t\t\t\t\t\t\t\t\t\t\t\t<a href=\"https:\/\/tumaco-pacifico.unal.edu.co\/?page_id=2878\" target=\"_blank\">\n\t\t\t\t\t\t\t<img fetchpriority=\"high\" decoding=\"async\" width=\"9830\" height=\"2610\" src=\"https:\/\/tumaco-pacifico.unal.edu.co\/wp-content\/uploads\/2024\/07\/01-1.png\" class=\"attachment-full size-full wp-image-2653\" alt=\"\" srcset=\"https:\/\/tumaco-pacifico.unal.edu.co\/wp-content\/uploads\/2024\/07\/01-1.png 9830w, https:\/\/tumaco-pacifico.unal.edu.co\/wp-content\/uploads\/2024\/07\/01-1-300x80.png 300w, https:\/\/tumaco-pacifico.unal.edu.co\/wp-content\/uploads\/2024\/07\/01-1-1024x272.png 1024w, https:\/\/tumaco-pacifico.unal.edu.co\/wp-content\/uploads\/2024\/07\/01-1-768x204.png 768w, https:\/\/tumaco-pacifico.unal.edu.co\/wp-content\/uploads\/2024\/07\/01-1-1536x408.png 1536w, https:\/\/tumaco-pacifico.unal.edu.co\/wp-content\/uploads\/2024\/07\/01-1-2048x544.png 2048w\" sizes=\"(max-width: 9830px) 100vw, 9830px\" \/>\t\t\t\t\t\t\t\t<\/a>\n\t\t\t\t\t\t\t\t\t\t\t\t\t\t\t<\/div>\n\t\t\t\t<\/div>\n\t\t\t\t<div class=\"elementor-element elementor-element-7a5ae4f elementor-widget elementor-widget-image\" data-id=\"7a5ae4f\" data-element_type=\"widget\" data-e-type=\"widget\" data-widget_type=\"image.default\">\n\t\t\t\t<div class=\"elementor-widget-container\">\n\t\t\t\t\t\t\t\t\t\t\t\t\t\t\t\t<a href=\"https:\/\/tumaco-pacifico.unal.edu.co\/?page_id=2905\" target=\"_blank\">\n\t\t\t\t\t\t\t<img decoding=\"async\" width=\"9830\" height=\"2610\" src=\"https:\/\/tumaco-pacifico.unal.edu.co\/wp-content\/uploads\/2024\/07\/03-1.png\" class=\"attachment-full size-full wp-image-2651\" alt=\"\" srcset=\"https:\/\/tumaco-pacifico.unal.edu.co\/wp-content\/uploads\/2024\/07\/03-1.png 9830w, https:\/\/tumaco-pacifico.unal.edu.co\/wp-content\/uploads\/2024\/07\/03-1-300x80.png 300w, https:\/\/tumaco-pacifico.unal.edu.co\/wp-content\/uploads\/2024\/07\/03-1-1024x272.png 1024w, https:\/\/tumaco-pacifico.unal.edu.co\/wp-content\/uploads\/2024\/07\/03-1-768x204.png 768w, https:\/\/tumaco-pacifico.unal.edu.co\/wp-content\/uploads\/2024\/07\/03-1-1536x408.png 1536w, https:\/\/tumaco-pacifico.unal.edu.co\/wp-content\/uploads\/2024\/07\/03-1-2048x544.png 2048w\" sizes=\"(max-width: 9830px) 100vw, 9830px\" \/>\t\t\t\t\t\t\t\t<\/a>\n\t\t\t\t\t\t\t\t\t\t\t\t\t\t\t<\/div>\n\t\t\t\t<\/div>\n\t\t\t\t<div class=\"elementor-element elementor-element-be5ecc5 elementor-widget elementor-widget-image\" data-id=\"be5ecc5\" data-element_type=\"widget\" data-e-type=\"widget\" data-widget_type=\"image.default\">\n\t\t\t\t<div class=\"elementor-widget-container\">\n\t\t\t\t\t\t\t\t\t\t\t\t\t\t\t\t<a href=\"https:\/\/tumaco-pacifico.unal.edu.co\/?page_id=2913\" target=\"_blank\">\n\t\t\t\t\t\t\t<img decoding=\"async\" width=\"9830\" height=\"2610\" src=\"https:\/\/tumaco-pacifico.unal.edu.co\/wp-content\/uploads\/2024\/07\/02-1.png\" class=\"attachment-full size-full wp-image-2652\" alt=\"\" srcset=\"https:\/\/tumaco-pacifico.unal.edu.co\/wp-content\/uploads\/2024\/07\/02-1.png 9830w, https:\/\/tumaco-pacifico.unal.edu.co\/wp-content\/uploads\/2024\/07\/02-1-300x80.png 300w, https:\/\/tumaco-pacifico.unal.edu.co\/wp-content\/uploads\/2024\/07\/02-1-1024x272.png 1024w, https:\/\/tumaco-pacifico.unal.edu.co\/wp-content\/uploads\/2024\/07\/02-1-768x204.png 768w, https:\/\/tumaco-pacifico.unal.edu.co\/wp-content\/uploads\/2024\/07\/02-1-1536x408.png 1536w, https:\/\/tumaco-pacifico.unal.edu.co\/wp-content\/uploads\/2024\/07\/02-1-2048x544.png 2048w\" sizes=\"(max-width: 9830px) 100vw, 9830px\" \/>\t\t\t\t\t\t\t\t<\/a>\n\t\t\t\t\t\t\t\t\t\t\t\t\t\t\t<\/div>\n\t\t\t\t<\/div>\n\t\t\t\t<div class=\"elementor-element elementor-element-947dc89 elementor-widget elementor-widget-image\" data-id=\"947dc89\" data-element_type=\"widget\" data-e-type=\"widget\" data-widget_type=\"image.default\">\n\t\t\t\t<div class=\"elementor-widget-container\">\n\t\t\t\t\t\t\t\t\t\t\t\t\t\t\t\t<a href=\"https:\/\/tumaco-pacifico.unal.edu.co\/?page_id=2921\" target=\"_blank\">\n\t\t\t\t\t\t\t<img loading=\"lazy\" decoding=\"async\" width=\"9830\" height=\"2610\" src=\"https:\/\/tumaco-pacifico.unal.edu.co\/wp-content\/uploads\/2024\/07\/04-1.png\" class=\"attachment-full size-full wp-image-2654\" alt=\"\" srcset=\"https:\/\/tumaco-pacifico.unal.edu.co\/wp-content\/uploads\/2024\/07\/04-1.png 9830w, https:\/\/tumaco-pacifico.unal.edu.co\/wp-content\/uploads\/2024\/07\/04-1-300x80.png 300w, https:\/\/tumaco-pacifico.unal.edu.co\/wp-content\/uploads\/2024\/07\/04-1-1024x272.png 1024w, https:\/\/tumaco-pacifico.unal.edu.co\/wp-content\/uploads\/2024\/07\/04-1-768x204.png 768w, https:\/\/tumaco-pacifico.unal.edu.co\/wp-content\/uploads\/2024\/07\/04-1-1536x408.png 1536w, https:\/\/tumaco-pacifico.unal.edu.co\/wp-content\/uploads\/2024\/07\/04-1-2048x544.png 2048w\" sizes=\"(max-width: 9830px) 100vw, 9830px\" \/>\t\t\t\t\t\t\t\t<\/a>\n\t\t\t\t\t\t\t\t\t\t\t\t\t\t\t<\/div>\n\t\t\t\t<\/div>\n\t\t\t\t\t<\/div>\n\t\t\t\t<\/div>\n\t\t<div class=\"elementor-element elementor-element-203b772 e-flex e-con-boxed e-con e-parent\" data-id=\"203b772\" data-element_type=\"container\" data-e-type=\"container\">\n\t\t\t\t\t<div class=\"e-con-inner\">\n\t\t\t\t<div class=\"elementor-element elementor-element-682e974 elementor-widget-divider--view-line elementor-widget elementor-widget-divider\" data-id=\"682e974\" data-element_type=\"widget\" data-e-type=\"widget\" data-widget_type=\"divider.default\">\n\t\t\t\t<div class=\"elementor-widget-container\">\n\t\t\t\t\t\t\t<div class=\"elementor-divider\">\n\t\t\t<span class=\"elementor-divider-separator\">\n\t\t\t\t\t\t<\/span>\n\t\t<\/div>\n\t\t\t\t\t\t<\/div>\n\t\t\t\t<\/div>\n\t\t\t\t\t<\/div>\n\t\t\t\t<\/div>\n\t\t<div class=\"elementor-element elementor-element-49b1f37 e-flex e-con-boxed e-con e-parent\" data-id=\"49b1f37\" data-element_type=\"container\" data-e-type=\"container\">\n\t\t\t\t\t<div class=\"e-con-inner\">\n\t\t\t\t<div class=\"elementor-element elementor-element-55b0958 elementor-widget elementor-widget-heading\" data-id=\"55b0958\" data-element_type=\"widget\" data-e-type=\"widget\" data-widget_type=\"heading.default\">\n\t\t\t\t<div class=\"elementor-widget-container\">\n\t\t\t\t\t<h1 class=\"elementor-heading-title elementor-size-default\"><font color=\"#94b43b\" face=\"Ancizar serif, serif\"><span style=\"font-size: 40px;font-weight: 400\">Extensi\u00f3n para Docentes<\/span><\/font><\/h1>\t\t\t\t<\/div>\n\t\t\t\t<\/div>\n\t\t\t\t<div class=\"elementor-element elementor-element-632f78f elementor-widget elementor-widget-spacer\" data-id=\"632f78f\" data-element_type=\"widget\" data-e-type=\"widget\" data-widget_type=\"spacer.default\">\n\t\t\t\t<div class=\"elementor-widget-container\">\n\t\t\t\t\t\t\t<div class=\"elementor-spacer\">\n\t\t\t<div class=\"elementor-spacer-inner\"><\/div>\n\t\t<\/div>\n\t\t\t\t\t\t<\/div>\n\t\t\t\t<\/div>\n\t\t\t\t\t<\/div>\n\t\t\t\t<\/div>\n\t\t<div class=\"elementor-element elementor-element-b7c1f56 e-flex e-con-boxed e-con e-parent\" data-id=\"b7c1f56\" data-element_type=\"container\" data-e-type=\"container\">\n\t\t\t\t\t<div class=\"e-con-inner\">\n\t\t\t\t<div class=\"elementor-element elementor-element-4a741fe elementor-widget elementor-widget-image\" data-id=\"4a741fe\" data-element_type=\"widget\" data-e-type=\"widget\" data-widget_type=\"image.default\">\n\t\t\t\t<div class=\"elementor-widget-container\">\n\t\t\t\t\t\t\t\t\t\t\t\t\t\t\t\t<a href=\"https:\/\/tumaco-pacifico.unal.edu.co\/?page_id=4509\" target=\"_blank\">\n\t\t\t\t\t\t\t<img loading=\"lazy\" decoding=\"async\" width=\"2360\" height=\"628\" src=\"https:\/\/tumaco-pacifico.unal.edu.co\/wp-content\/uploads\/2024\/12\/ext.png\" class=\"attachment-full size-full wp-image-4507\" alt=\"\" srcset=\"https:\/\/tumaco-pacifico.unal.edu.co\/wp-content\/uploads\/2024\/12\/ext.png 2360w, https:\/\/tumaco-pacifico.unal.edu.co\/wp-content\/uploads\/2024\/12\/ext-300x80.png 300w, https:\/\/tumaco-pacifico.unal.edu.co\/wp-content\/uploads\/2024\/12\/ext-1024x272.png 1024w, https:\/\/tumaco-pacifico.unal.edu.co\/wp-content\/uploads\/2024\/12\/ext-768x204.png 768w, https:\/\/tumaco-pacifico.unal.edu.co\/wp-content\/uploads\/2024\/12\/ext-1536x409.png 1536w, https:\/\/tumaco-pacifico.unal.edu.co\/wp-content\/uploads\/2024\/12\/ext-2048x545.png 2048w\" sizes=\"(max-width: 2360px) 100vw, 2360px\" \/>\t\t\t\t\t\t\t\t<\/a>\n\t\t\t\t\t\t\t\t\t\t\t\t\t\t\t<\/div>\n\t\t\t\t<\/div>\n\t\t\t\t<div class=\"elementor-element elementor-element-96ca4ed elementor-widget elementor-widget-image\" data-id=\"96ca4ed\" data-element_type=\"widget\" data-e-type=\"widget\" data-widget_type=\"image.default\">\n\t\t\t\t<div class=\"elementor-widget-container\">\n\t\t\t\t\t\t\t\t\t\t\t\t\t\t\t\t<a href=\"https:\/\/view.genially.com\/671bc479fdb1f1030d0c2432\" target=\"_blank\">\n\t\t\t\t\t\t\t<img loading=\"lazy\" decoding=\"async\" width=\"2360\" height=\"627\" src=\"https:\/\/tumaco-pacifico.unal.edu.co\/wp-content\/uploads\/2024\/12\/ext2.png\" class=\"attachment-full size-full wp-image-4508\" alt=\"\" srcset=\"https:\/\/tumaco-pacifico.unal.edu.co\/wp-content\/uploads\/2024\/12\/ext2.png 2360w, https:\/\/tumaco-pacifico.unal.edu.co\/wp-content\/uploads\/2024\/12\/ext2-300x80.png 300w, https:\/\/tumaco-pacifico.unal.edu.co\/wp-content\/uploads\/2024\/12\/ext2-1024x272.png 1024w, https:\/\/tumaco-pacifico.unal.edu.co\/wp-content\/uploads\/2024\/12\/ext2-768x204.png 768w, https:\/\/tumaco-pacifico.unal.edu.co\/wp-content\/uploads\/2024\/12\/ext2-1536x408.png 1536w, https:\/\/tumaco-pacifico.unal.edu.co\/wp-content\/uploads\/2024\/12\/ext2-2048x544.png 2048w\" sizes=\"(max-width: 2360px) 100vw, 2360px\" \/>\t\t\t\t\t\t\t\t<\/a>\n\t\t\t\t\t\t\t\t\t\t\t\t\t\t\t<\/div>\n\t\t\t\t<\/div>\n\t\t\t\t\t<\/div>\n\t\t\t\t<\/div>\n\t\t\t\t<\/div>\n\t\t","protected":false},"excerpt":{"rendered":"<p>Est\u00e1 en:\u00a0Inicio \u00a0 \/ \u00a0Extensi\u00f3n Extensi\u00f3n La Extensi\u00f3n en la Universidad Nacional de Colombia, se define como una funci\u00f3n misional, reglamentada por el Consejo Superior Universitario desde el Acuerdo 036 de 2009, que tiene como fin el intercambio, la aplicaci\u00f3n y la integraci\u00f3n, en forma din\u00e1mica y coordinada, del conocimiento cient\u00edfico, tecnol\u00f3gico, art\u00edstico y cultural [&hellip;]<\/p>\n","protected":false},"author":2,"featured_media":0,"parent":0,"menu_order":0,"comment_status":"closed","ping_status":"closed","template":"","meta":{"footnotes":""},"class_list":["post-23","page","type-page","status-publish","hentry"],"_links":{"self":[{"href":"https:\/\/tumaco-pacifico.unal.edu.co\/index.php?rest_route=\/wp\/v2\/pages\/23","targetHints":{"allow":["GET"]}}],"collection":[{"href":"https:\/\/tumaco-pacifico.unal.edu.co\/index.php?rest_route=\/wp\/v2\/pages"}],"about":[{"href":"https:\/\/tumaco-pacifico.unal.edu.co\/index.php?rest_route=\/wp\/v2\/types\/page"}],"author":[{"embeddable":true,"href":"https:\/\/tumaco-pacifico.unal.edu.co\/index.php?rest_route=\/wp\/v2\/users\/2"}],"replies":[{"embeddable":true,"href":"https:\/\/tumaco-pacifico.unal.edu.co\/index.php?rest_route=%2Fwp%2Fv2%2Fcomments&post=23"}],"version-history":[{"count":0,"href":"https:\/\/tumaco-pacifico.unal.edu.co\/index.php?rest_route=\/wp\/v2\/pages\/23\/revisions"}],"wp:attachment":[{"href":"https:\/\/tumaco-pacifico.unal.edu.co\/index.php?rest_route=%2Fwp%2Fv2%2Fmedia&parent=23"}],"curies":[{"name":"wp","href":"https:\/\/api.w.org\/{rel}","templated":true}]}}