{"id":2913,"date":"2024-07-26T11:31:40","date_gmt":"2024-07-26T16:31:40","guid":{"rendered":"https:\/\/tumaco-pacifico.unal.edu.co\/?page_id=2913"},"modified":"2024-09-02T11:13:50","modified_gmt":"2024-09-02T16:13:50","slug":"servicios-academicos","status":"publish","type":"page","link":"https:\/\/tumaco-pacifico.unal.edu.co\/?page_id=2913","title":{"rendered":"Servicios Acad\u00e9micos"},"content":{"rendered":"\t\t<div data-elementor-type=\"wp-page\" data-elementor-id=\"2913\" class=\"elementor elementor-2913\">\n\t\t\t\t<div class=\"elementor-element elementor-element-0c1b667 e-flex e-con-boxed e-con e-parent\" data-id=\"0c1b667\" data-element_type=\"container\" data-e-type=\"container\">\n\t\t\t\t\t<div class=\"e-con-inner\">\n\t\t\t\t<div class=\"elementor-element elementor-element-4e7936f elementor-widget elementor-widget-html\" data-id=\"4e7936f\" data-element_type=\"widget\" data-e-type=\"widget\" data-widget_type=\"html.default\">\n\t\t\t\t<div class=\"elementor-widget-container\">\n\t\t\t\t\t<p>Est\u00e1 en:\u00a0<a title=\"Inicio\" href=\"https:\/\/tumaco-pacifico.unal.edu.co\/\">Inicio<\/a> \u00a0 \/ \u00a0<a title=\"Extensi\u00f3n\" href=\"https:\/\/tumaco-pacifico.unal.edu.co\/?page_id=23\">Extensi\u00f3n<\/a> \u00a0 \/ \u00a0<a title=\"Extensi\u00f3n Solidaria\" href=\"https:\/\/tumaco-pacifico.unal.edu.co\/?page_id=2913\"><b>Servicios Acad\u00e9micos\n<\/b><\/a><\/p>\t\t\t\t<\/div>\n\t\t\t\t<\/div>\n\t\t\t\t\t<\/div>\n\t\t\t\t<\/div>\n\t\t<div class=\"elementor-element elementor-element-29d24b3 e-flex e-con-boxed e-con e-parent\" data-id=\"29d24b3\" data-element_type=\"container\" data-e-type=\"container\">\n\t\t\t\t\t<div class=\"e-con-inner\">\n\t\t\t\t<div class=\"elementor-element elementor-element-2d73e7f elementor-widget elementor-widget-heading\" data-id=\"2d73e7f\" data-element_type=\"widget\" data-e-type=\"widget\" data-widget_type=\"heading.default\">\n\t\t\t\t<div class=\"elementor-widget-container\">\n\t\t\t\t\t<h1 class=\"elementor-heading-title elementor-size-default\"><font color=\"#94b43b\" face=\"Ancizar serif, serif\"><span style=\"font-size: 40px;font-weight: 400\">Servicios Acad\u00e9micos\n<\/span><\/font><\/h1>\t\t\t\t<\/div>\n\t\t\t\t<\/div>\n\t\t\t\t\t<\/div>\n\t\t\t\t<\/div>\n\t\t<div class=\"elementor-element elementor-element-b785fd3 e-flex e-con-boxed e-con e-parent\" data-id=\"b785fd3\" data-element_type=\"container\" data-e-type=\"container\">\n\t\t\t\t\t<div class=\"e-con-inner\">\n\t\t\t\t<div class=\"elementor-element elementor-element-9766b02 elementor-widget elementor-widget-text-editor\" data-id=\"9766b02\" data-element_type=\"widget\" data-e-type=\"widget\" data-widget_type=\"text-editor.default\">\n\t\t\t\t<div class=\"elementor-widget-container\">\n\t\t\t\t\t\t\t\t\t<p class=\"MsoNormal\" style=\"margin: 0cm 0cm 0.0001pt; text-align: justify; font-size: 12pt; font-family: 'Times New Roman', serif; color: #000000;\"><span style=\"font-size: 12pt; font-family: 'Ancizar Sans', sans-serif; color: #5a5a5a;\">Comprenden todas aquellas actividades que se realizan para transmitir la experiencia de la Universidad en la formulaci\u00f3n de programas acad\u00e9micos y estrategias pedag\u00f3gicas a las instituciones p\u00fablicas o privadas de los distintos niveles, y prestarles ayuda. <\/span><\/p>\t\t\t\t\t\t\t\t<\/div>\n\t\t\t\t<\/div>\n\t\t\t\t\t<\/div>\n\t\t\t\t<\/div>\n\t\t<div class=\"elementor-element elementor-element-373ec6a e-flex e-con-boxed e-con e-parent\" data-id=\"373ec6a\" data-element_type=\"container\" data-e-type=\"container\">\n\t\t\t\t\t<div class=\"e-con-inner\">\n\t\t\t\t<div class=\"elementor-element elementor-element-51ecb12 elementor-widget elementor-widget-spacer\" data-id=\"51ecb12\" data-element_type=\"widget\" data-e-type=\"widget\" data-widget_type=\"spacer.default\">\n\t\t\t\t<div class=\"elementor-widget-container\">\n\t\t\t\t\t\t\t<div class=\"elementor-spacer\">\n\t\t\t<div class=\"elementor-spacer-inner\"><\/div>\n\t\t<\/div>\n\t\t\t\t\t\t<\/div>\n\t\t\t\t<\/div>\n\t\t\t\t\t<\/div>\n\t\t\t\t<\/div>\n\t\t<div class=\"elementor-element elementor-element-f216c45 e-flex e-con-boxed e-con e-parent\" data-id=\"f216c45\" data-element_type=\"container\" data-e-type=\"container\">\n\t\t\t\t\t<div class=\"e-con-inner\">\n\t\t\t\t<div class=\"elementor-element elementor-element-7b83620 elementor-widget elementor-widget-bdt-product-grid\" data-id=\"7b83620\" data-element_type=\"widget\" data-e-type=\"widget\" data-widget_type=\"bdt-product-grid.default\">\n\t\t\t\t<div class=\"elementor-widget-container\">\n\t\t\t\t\t\t\t<div class=\"bdt-ep-product-grid\">\n\t\t\t\t\t\t\t<div class=\"bdt-ep-product-grid-item bdt-flex bdt-flex-column elementor-repeater-item-f57a027\">\n\t\t\t\t\t\t\t<div class=\"bdt-ep-product-grid-image bdt-flex-inline\">\n\n\t\t\t<img fetchpriority=\"high\" decoding=\"async\" width=\"1800\" height=\"1447\" src=\"https:\/\/tumaco-pacifico.unal.edu.co\/wp-content\/uploads\/2024\/09\/Diapositiva43.png\" class=\"attachment-full size-full\" alt=\"Implementaci\u00f3n de Encuesta de percepci\u00f3n ciudadana, como proyecto de control social en el Distrito Especial San Andr\u00e9s de Tumaco\" srcset=\"https:\/\/tumaco-pacifico.unal.edu.co\/wp-content\/uploads\/2024\/09\/Diapositiva43.png 1800w, https:\/\/tumaco-pacifico.unal.edu.co\/wp-content\/uploads\/2024\/09\/Diapositiva43-300x241.png 300w, https:\/\/tumaco-pacifico.unal.edu.co\/wp-content\/uploads\/2024\/09\/Diapositiva43-1024x823.png 1024w, https:\/\/tumaco-pacifico.unal.edu.co\/wp-content\/uploads\/2024\/09\/Diapositiva43-768x617.png 768w, https:\/\/tumaco-pacifico.unal.edu.co\/wp-content\/uploads\/2024\/09\/Diapositiva43-1536x1235.png 1536w\" sizes=\"(max-width: 1800px) 100vw, 1800px\" \/>\n\t\t\t\t\t\t\t<a class=\"bdt-ep-product-grid-link bdt-position-z-index\" href=\"https:\/\/tumaco-pacifico.unal.edu.co\/?page_id=3166\" target=\"_blank\"><\/a>\n\t\t\t\t\t<\/div>\n\t\t\t\t\t\t\t<div class=\"bdt-ep-product-grid-content bdt-flex bdt-flex-column bdt-flex-between\">\n\t\t\t\t\t\t<div>\n\t\t\t\t\t\t\t<div class=\"bdt-ep-product-grid-title-price\">\n\t\t\t\t\t\t\t\t\t\t\t\t\t\t\t\t\t\t\t\t\t\t\t<\/div>\n\t\t\t\t\t\t\t\t\t\t\t\t\t\t\t\t\t\t\t\t\t\t\t<\/div>\n\t\t\t\t\t\t<div class=\"bdt-ep-product-grid-rating-time bdt-flex bdt-flex-middle bdt-flex-between bdt-flex-wrap\">\n\t\t\t\t\t\t\t\t\t\t\t\t\t\t\t\t\t\t\t\t<\/div>\n\t\t\t\t\t<\/div>\n\t\t\t\t\t\t\t\t\t\t\t\t\t\t\t\t\t<\/div>\n\n\t\t\t\t\t\t\t<div class=\"bdt-ep-product-grid-item bdt-flex bdt-flex-column elementor-repeater-item-227b73a\">\n\t\t\t\t\t\t\t<div class=\"bdt-ep-product-grid-image bdt-flex-inline bdt-ep-product-grid-image bdt-flex-inline\">\n\n\t\t\t<img decoding=\"async\" width=\"1800\" height=\"1447\" src=\"https:\/\/tumaco-pacifico.unal.edu.co\/wp-content\/uploads\/2024\/09\/Diapositiva48.png\" class=\"attachment-full size-full\" alt=\"Modelo Integrado de Atenci\u00f3n al Usuario\/Ciudadano DIMAR\" srcset=\"https:\/\/tumaco-pacifico.unal.edu.co\/wp-content\/uploads\/2024\/09\/Diapositiva48.png 1800w, https:\/\/tumaco-pacifico.unal.edu.co\/wp-content\/uploads\/2024\/09\/Diapositiva48-300x241.png 300w, https:\/\/tumaco-pacifico.unal.edu.co\/wp-content\/uploads\/2024\/09\/Diapositiva48-1024x823.png 1024w, https:\/\/tumaco-pacifico.unal.edu.co\/wp-content\/uploads\/2024\/09\/Diapositiva48-768x617.png 768w, https:\/\/tumaco-pacifico.unal.edu.co\/wp-content\/uploads\/2024\/09\/Diapositiva48-1536x1235.png 1536w\" sizes=\"(max-width: 1800px) 100vw, 1800px\" \/>\n\t\t\t\t\t\t\t<a class=\"bdt-ep-product-grid-link bdt-position-z-index\" href=\"https:\/\/tumaco-pacifico.unal.edu.co\/?page_id=3171\"><\/a>\n\t\t\t\t\t<\/div>\n\t\t\t\t\t\t\t<div class=\"bdt-ep-product-grid-content bdt-flex bdt-flex-column bdt-flex-between\">\n\t\t\t\t\t\t<div>\n\t\t\t\t\t\t\t<div class=\"bdt-ep-product-grid-title-price\">\n\t\t\t\t\t\t\t\t\t\t\t\t\t\t\t\t\t\t\t\t\t\t\t<\/div>\n\t\t\t\t\t\t\t\t\t\t\t\t\t\t\t\t\t\t\t\t\t\t\t<\/div>\n\t\t\t\t\t\t<div class=\"bdt-ep-product-grid-rating-time bdt-flex bdt-flex-middle bdt-flex-between bdt-flex-wrap\">\n\t\t\t\t\t\t\t\t\t\t\t\t\t\t\t\t\t\t\t\t<\/div>\n\t\t\t\t\t<\/div>\n\t\t\t\t\t\t\t\t\t\t\t\t\t\t\t\t\t<\/div>\n\n\t\t\t\t\t\t\t<div class=\"bdt-ep-product-grid-item bdt-flex bdt-flex-column elementor-repeater-item-4d05a0b\">\n\t\t\t\t\t\t\t<div class=\"bdt-ep-product-grid-image bdt-flex-inline bdt-ep-product-grid-image bdt-flex-inline bdt-ep-product-grid-image bdt-flex-inline\">\n\n\t\t\t<img decoding=\"async\" width=\"1800\" height=\"1447\" src=\"https:\/\/tumaco-pacifico.unal.edu.co\/wp-content\/uploads\/2024\/09\/Diapositiva49.png\" class=\"attachment-full size-full\" alt=\"Arquitectura Empresarial y Gobierno y Gesti\u00f3n TIC para DIMAR\" srcset=\"https:\/\/tumaco-pacifico.unal.edu.co\/wp-content\/uploads\/2024\/09\/Diapositiva49.png 1800w, https:\/\/tumaco-pacifico.unal.edu.co\/wp-content\/uploads\/2024\/09\/Diapositiva49-300x241.png 300w, https:\/\/tumaco-pacifico.unal.edu.co\/wp-content\/uploads\/2024\/09\/Diapositiva49-1024x823.png 1024w, https:\/\/tumaco-pacifico.unal.edu.co\/wp-content\/uploads\/2024\/09\/Diapositiva49-768x617.png 768w, https:\/\/tumaco-pacifico.unal.edu.co\/wp-content\/uploads\/2024\/09\/Diapositiva49-1536x1235.png 1536w\" sizes=\"(max-width: 1800px) 100vw, 1800px\" \/>\n\t\t\t\t\t\t\t<a class=\"bdt-ep-product-grid-link bdt-position-z-index\" href=\"https:\/\/tumaco-pacifico.unal.edu.co\/?page_id=3176\"><\/a>\n\t\t\t\t\t<\/div>\n\t\t\t\t\t\t\t<div class=\"bdt-ep-product-grid-content bdt-flex bdt-flex-column bdt-flex-between\">\n\t\t\t\t\t\t<div>\n\t\t\t\t\t\t\t<div class=\"bdt-ep-product-grid-title-price\">\n\t\t\t\t\t\t\t\t\t\t\t\t\t\t\t\t\t\t\t\t\t\t\t<\/div>\n\t\t\t\t\t\t\t\t\t\t\t\t\t\t\t\t\t\t\t\t\t\t\t<\/div>\n\t\t\t\t\t\t<div class=\"bdt-ep-product-grid-rating-time bdt-flex bdt-flex-middle bdt-flex-between bdt-flex-wrap\">\n\t\t\t\t\t\t\t\t\t\t\t\t\t\t\t\t\t\t\t\t<\/div>\n\t\t\t\t\t<\/div>\n\t\t\t\t\t\t\t\t\t\t\t\t\t\t\t\t\t<\/div>\n\n\t\t\t\t\t\t\t<div class=\"bdt-ep-product-grid-item bdt-flex bdt-flex-column elementor-repeater-item-4cbd4d1\">\n\t\t\t\t\t\t\t<div class=\"bdt-ep-product-grid-image bdt-flex-inline bdt-ep-product-grid-image bdt-flex-inline bdt-ep-product-grid-image bdt-flex-inline bdt-ep-product-grid-image bdt-flex-inline\">\n\n\t\t\t<img loading=\"lazy\" decoding=\"async\" width=\"1800\" height=\"1447\" src=\"https:\/\/tumaco-pacifico.unal.edu.co\/wp-content\/uploads\/2024\/09\/Diapositiva52.png\" class=\"attachment-full size-full\" alt=\"Redise\u00f1o del modelo de operaci\u00f3n de DIMAR en cumplimiento al Plan Estrat\u00e9gico de Desarrollo 2030\" srcset=\"https:\/\/tumaco-pacifico.unal.edu.co\/wp-content\/uploads\/2024\/09\/Diapositiva52.png 1800w, https:\/\/tumaco-pacifico.unal.edu.co\/wp-content\/uploads\/2024\/09\/Diapositiva52-300x241.png 300w, https:\/\/tumaco-pacifico.unal.edu.co\/wp-content\/uploads\/2024\/09\/Diapositiva52-1024x823.png 1024w, https:\/\/tumaco-pacifico.unal.edu.co\/wp-content\/uploads\/2024\/09\/Diapositiva52-768x617.png 768w, https:\/\/tumaco-pacifico.unal.edu.co\/wp-content\/uploads\/2024\/09\/Diapositiva52-1536x1235.png 1536w\" sizes=\"(max-width: 1800px) 100vw, 1800px\" \/>\n\t\t\t\t\t\t\t<a class=\"bdt-ep-product-grid-link bdt-position-z-index\" href=\"https:\/\/tumaco-pacifico.unal.edu.co\/?page_id=3181\"><\/a>\n\t\t\t\t\t<\/div>\n\t\t\t\t\t\t\t<div class=\"bdt-ep-product-grid-content bdt-flex bdt-flex-column bdt-flex-between\">\n\t\t\t\t\t\t<div>\n\t\t\t\t\t\t\t<div class=\"bdt-ep-product-grid-title-price\">\n\t\t\t\t\t\t\t\t\t\t\t\t\t\t\t\t\t\t\t\t\t\t\t<\/div>\n\t\t\t\t\t\t\t\t\t\t\t\t\t\t\t\t\t\t\t\t\t\t\t<\/div>\n\t\t\t\t\t\t<div class=\"bdt-ep-product-grid-rating-time bdt-flex bdt-flex-middle bdt-flex-between bdt-flex-wrap\">\n\t\t\t\t\t\t\t\t\t\t\t\t\t\t\t\t\t\t\t\t<\/div>\n\t\t\t\t\t<\/div>\n\t\t\t\t\t\t\t\t\t\t\t\t\t\t\t\t\t<\/div>\n\n\t\t\t\t\t<\/div>\n\t\t\t\t\t\t<\/div>\n\t\t\t\t<\/div>\n\t\t\t\t\t<\/div>\n\t\t\t\t<\/div>\n\t\t\t\t<\/div>\n\t\t","protected":false},"excerpt":{"rendered":"<p>Est\u00e1 en:\u00a0Inicio \u00a0 \/ \u00a0Extensi\u00f3n \u00a0 \/ \u00a0Servicios Acad\u00e9micos Servicios Acad\u00e9micos Comprenden todas aquellas actividades que se realizan para transmitir la experiencia de la Universidad en la formulaci\u00f3n de programas acad\u00e9micos y estrategias pedag\u00f3gicas a las instituciones p\u00fablicas o privadas de los distintos niveles, y prestarles ayuda.<\/p>\n","protected":false},"author":2,"featured_media":0,"parent":0,"menu_order":0,"comment_status":"closed","ping_status":"closed","template":"","meta":{"footnotes":""},"class_list":["post-2913","page","type-page","status-publish","hentry"],"_links":{"self":[{"href":"https:\/\/tumaco-pacifico.unal.edu.co\/index.php?rest_route=\/wp\/v2\/pages\/2913","targetHints":{"allow":["GET"]}}],"collection":[{"href":"https:\/\/tumaco-pacifico.unal.edu.co\/index.php?rest_route=\/wp\/v2\/pages"}],"about":[{"href":"https:\/\/tumaco-pacifico.unal.edu.co\/index.php?rest_route=\/wp\/v2\/types\/page"}],"author":[{"embeddable":true,"href":"https:\/\/tumaco-pacifico.unal.edu.co\/index.php?rest_route=\/wp\/v2\/users\/2"}],"replies":[{"embeddable":true,"href":"https:\/\/tumaco-pacifico.unal.edu.co\/index.php?rest_route=%2Fwp%2Fv2%2Fcomments&post=2913"}],"version-history":[{"count":0,"href":"https:\/\/tumaco-pacifico.unal.edu.co\/index.php?rest_route=\/wp\/v2\/pages\/2913\/revisions"}],"wp:attachment":[{"href":"https:\/\/tumaco-pacifico.unal.edu.co\/index.php?rest_route=%2Fwp%2Fv2%2Fmedia&parent=2913"}],"curies":[{"name":"wp","href":"https:\/\/api.w.org\/{rel}","templated":true}]}}